{"id":7839,"date":"2026-03-28T22:50:38","date_gmt":"2026-03-29T02:50:38","guid":{"rendered":"https:\/\/derecho.uprrp.edu\/revistajuridica\/?page_id=7839"},"modified":"2026-03-28T22:54:54","modified_gmt":"2026-03-29T02:54:54","slug":"volumen-93-numero-2-cambio-climatico-efectos-de-la-crisis-climatica-en-puerto-rico-y-el-mundo","status":"publish","type":"page","link":"https:\/\/derecho.uprrp.edu\/revistajuridica\/volumen-93-numero-2-cambio-climatico-efectos-de-la-crisis-climatica-en-puerto-rico-y-el-mundo\/","title":{"rendered":"Volumen 93, N\u00famero 2: Cambio clim\u00e1tico: Efectos de la crisis clim\u00e1tica en Puerto Rico y el mundo"},"content":{"rendered":"<p><span style=\"font-weight: 400\">Jos\u00e9 Arturo Maldonado Andreu, <\/span><i><span style=\"font-weight: 400\">The Legacies of Environmental Colonialism and the Legal Protection of Forests in Puerto Rico<\/span><\/i><span style=\"font-weight: 400\">, 93 REV. JUR. UPR 289 (2024).<\/span><\/p>\n<p><a href=\"https:\/\/derecho.uprrp.edu\/revistajuridica\/wp-content\/uploads\/sites\/4\/2026\/03\/Jose-Arturo-Maldonado-Andreu-The-Legacies-of-Environmental-Colonialism-and-the-Legal-Protection-of-Forests-in-Puerto-Rico-93-REV.-JUR.-UPR-289-2024.pdf\">Art\u00edculo en PDF<\/a><\/p>\n<p><span style=\"font-weight: 400\">Sof\u00eda Alexandra Blasini Frontera, <\/span><i><span style=\"font-weight: 400\">Embrollados en crisis: El actual y futuro impacto al derecho a la vivienda tras los efectos de la crisis clim\u00e1tica y la crisis de vivienda en Puerto Rico<\/span><\/i><span style=\"font-weight: 400\">, 93 REV. JUR. UPR 311 (2024).<\/span><\/p>\n<p><a href=\"https:\/\/derecho.uprrp.edu\/revistajuridica\/wp-content\/uploads\/sites\/4\/2026\/03\/Sofia-Alexandra-Blasini-Frontera-Embrollados-en-crisis-93-REV.-JUR.-UPR-311-2024.pdf\">Art\u00edculo en PDF<\/a><\/p>\n<p><span style=\"font-weight: 400\">B\u00e1rbara Becerra-Marcano, <\/span><i><span style=\"font-weight: 400\">Redefining Standing for a Sustainable Future<\/span><\/i><span style=\"font-weight: 400\">, 93 REV. JUR. UPR 335 (2024).<\/span><\/p>\n<p><a href=\"https:\/\/derecho.uprrp.edu\/revistajuridica\/wp-content\/uploads\/sites\/4\/2026\/03\/Barbara-Becerra-Marcano-Redefining-Standing-for-a-Sustainable-Future-93-REV.-JUR.-UPR-335-2024.pdf\">Art\u00edculo en PDF<\/a><\/p>\n<p><span style=\"font-weight: 400\">Jos\u00e9 Enrique P\u00e9rez Montes, <\/span><i><span style=\"font-weight: 400\">Commercial Arbitration of Deep Seabed Mining Disputes: A Survey on Its Legal Contours<\/span><\/i><span style=\"font-weight: 400\">, 93 REV. JUR. UPR 361 (2024).<\/span><\/p>\n<p><a href=\"https:\/\/derecho.uprrp.edu\/revistajuridica\/wp-content\/uploads\/sites\/4\/2026\/03\/Jose-Enrique-Perez-Montes-Commercial-Arbitration-of-Deep-Seabed-Mining-Disputes-93-REV.-JUR.-UPR-361-2024.pdf\">Art\u00edculo en PDF<\/a><\/p>\n<p><span style=\"font-weight: 400\">Ricardo Torres Febre, <\/span><i><span style=\"font-weight: 400\">The Juridification of Environmental Justice<\/span><\/i><span style=\"font-weight: 400\">, 93 REV. JUR. UPR 383 (2024).<\/span><\/p>\n<p><a href=\"https:\/\/derecho.uprrp.edu\/revistajuridica\/wp-content\/uploads\/sites\/4\/2026\/03\/Ricardo-Torres-Febre-The-Juridification-of-Environmental-Justice-93-REV.-JUR.-UPR-383-2024.pdf\">Art\u00edculo en PDF<\/a><\/p>\n","protected":false},"excerpt":{"rendered":"<p>Jos\u00e9 Arturo Maldonado Andreu, The Legacies of Environmental Colonialism and the Legal Protection of Forests in Puerto Rico, 93 REV. JUR. UPR 289 (2024). Art\u00edculo en PDF Sof\u00eda Alexandra Blasini Frontera, Embrollados en crisis: El actual y futuro impacto al derecho a la vivienda tras los efectos de la crisis clim\u00e1tica y la crisis de<\/p>\n<div class=\"read-more\"><a href=\"https:\/\/derecho.uprrp.edu\/revistajuridica\/volumen-93-numero-2-cambio-climatico-efectos-de-la-crisis-climatica-en-puerto-rico-y-el-mundo\/\" title=\"Read More\">Read More<\/a><\/div>\n","protected":false},"author":10400,"featured_media":0,"parent":0,"menu_order":0,"comment_status":"closed","ping_status":"closed","template":"","meta":{"footnotes":""},"class_list":["post-7839","page","type-page","status-publish"],"_links":{"self":[{"href":"https:\/\/derecho.uprrp.edu\/revistajuridica\/wp-json\/wp\/v2\/pages\/7839","targetHints":{"allow":["GET"]}}],"collection":[{"href":"https:\/\/derecho.uprrp.edu\/revistajuridica\/wp-json\/wp\/v2\/pages"}],"about":[{"href":"https:\/\/derecho.uprrp.edu\/revistajuridica\/wp-json\/wp\/v2\/types\/page"}],"author":[{"embeddable":true,"href":"https:\/\/derecho.uprrp.edu\/revistajuridica\/wp-json\/wp\/v2\/users\/10400"}],"replies":[{"embeddable":true,"href":"https:\/\/derecho.uprrp.edu\/revistajuridica\/wp-json\/wp\/v2\/comments?post=7839"}],"version-history":[{"count":1,"href":"https:\/\/derecho.uprrp.edu\/revistajuridica\/wp-json\/wp\/v2\/pages\/7839\/revisions"}],"predecessor-version":[{"id":7840,"href":"https:\/\/derecho.uprrp.edu\/revistajuridica\/wp-json\/wp\/v2\/pages\/7839\/revisions\/7840"}],"wp:attachment":[{"href":"https:\/\/derecho.uprrp.edu\/revistajuridica\/wp-json\/wp\/v2\/media?parent=7839"}],"curies":[{"name":"wp","href":"https:\/\/api.w.org\/{rel}","templated":true}]}}