{"id":7848,"date":"2026-03-28T23:10:38","date_gmt":"2026-03-29T03:10:38","guid":{"rendered":"https:\/\/derecho.uprrp.edu\/revistajuridica\/?page_id=7848"},"modified":"2026-03-28T23:11:09","modified_gmt":"2026-03-29T03:11:09","slug":"volumen-93-numero-3-retos-contemporaneos-de-la-etica-profesional","status":"publish","type":"page","link":"https:\/\/derecho.uprrp.edu\/revistajuridica\/volumen-93-numero-3-retos-contemporaneos-de-la-etica-profesional\/","title":{"rendered":"Volumen 93, N\u00famero 3: Retos contempor\u00e1neos de la \u00e9tica profesional"},"content":{"rendered":"<p><span style=\"font-weight: 400\">Perla Del Mar Rodr\u00edguez Fern\u00e1ndez, <\/span><i><span style=\"font-weight: 400\">Abogac\u00eda en los medios y periodistas en los <\/span><\/i><i><span style=\"font-weight: 400\">tribunales: \u00c9tica, punitivismo y mejores pr\u00e1cticas<\/span><\/i><span style=\"font-weight: 400\">, 93 REV. JUR. UPR 415 (2024).<\/span><\/p>\n<p><a href=\"https:\/\/derecho.uprrp.edu\/revistajuridica\/wp-content\/uploads\/sites\/4\/2026\/03\/Perla-Del-Mar-Rodriguez-Fernandez-Abogacia-en-los-medios-93-REV.-JUR.-UPR-415-2024.pdf\">Art\u00edculo en PDF<\/a><\/p>\n<p><span style=\"font-weight: 400\">Paola N. Sol\u00e1 Algar\u00edn, <\/span><i><span style=\"font-weight: 400\">Entrevistas investigativas de delitos de violencia sexual: Un acercamiento desde la jurisprudencia terap\u00e9utica, la psicolog\u00eda y la \u00e9tica profesional<\/span><\/i><span style=\"font-weight: 400\">, 93 REV. JUR. UPR 443 (2024).<\/span><\/p>\n<p><a href=\"https:\/\/derecho.uprrp.edu\/revistajuridica\/wp-content\/uploads\/sites\/4\/2026\/03\/Paola-N.-Sola-Algarin-Entrevistas-investigativas-de-delitos-de-violencia-sexual-93-REV.-JUR.-UPR-443-2024.pdf\">Art\u00edculo en PDF<\/a><\/p>\n<p><span style=\"font-weight: 400\">Jean P. Almod\u00f3var Tirado, <\/span><i><span style=\"font-weight: 400\">Regulating the Court that Regulates Everything, Except Itself: An Analysis of the United States Supreme Court\u2019s Code of Ethics and Recommendations on How to Enforce It<\/span><\/i><span style=\"font-weight: 400\">, 93 REV. JUR. UPR 467 (2024).<\/span><\/p>\n<p><a href=\"https:\/\/derecho.uprrp.edu\/revistajuridica\/wp-content\/uploads\/sites\/4\/2026\/03\/Jean-P.-Almodovar-Tirado-Regulating-the-Court-that-Regulates-Everything-Except-Itself-93-REV.-JUR.-UPR-467-2024.pdf\">Art\u00edculo en PDF<\/a><\/p>\n<p><span style=\"font-weight: 400\">Jos\u00e9 Molinelli Gonz\u00e1lez, <\/span><i><span style=\"font-weight: 400\">La sinonimia entre apariencia y realidad en la \u00e9tica judicial<\/span><\/i><span style=\"font-weight: 400\">, 93 REV. JUR. UPR 491 (2024).<\/span><\/p>\n<p><a href=\"https:\/\/derecho.uprrp.edu\/revistajuridica\/wp-content\/uploads\/sites\/4\/2026\/03\/Jose-Molinelli-Gonzalez-La-sinonimia-entre-apariencia-y-realidad-en-la-etica-judicial-93-REV.-JUR.-UPR-491-2024.pdf\">Art\u00edculo en PDF<\/a><\/p>\n<p><span style=\"font-weight: 400\">Vivian Gonz\u00e1lez M\u00e9ndez, <\/span><i><span style=\"font-weight: 400\">Corrupci\u00f3n gubernamental y el derecho al acceso a informaci\u00f3n p\u00fablica<\/span><\/i><span style=\"font-weight: 400\">, 93 REV. JUR. UPR 509 (2024).<\/span><\/p>\n<p><a href=\"https:\/\/derecho.uprrp.edu\/revistajuridica\/wp-content\/uploads\/sites\/4\/2026\/03\/Vivian-Gonzalez-Mendez-Corrupcion-gubernamental-y-el-derecho-al-acceso-a-informacion-publica-93-REV.-JUR.-UPR-509-2024.pdf\">Art\u00edculo en PDF<\/a><\/p>\n","protected":false},"excerpt":{"rendered":"<p>Perla Del Mar Rodr\u00edguez Fern\u00e1ndez, Abogac\u00eda en los medios y periodistas en los tribunales: \u00c9tica, punitivismo y mejores pr\u00e1cticas, 93 REV. JUR. UPR 415 (2024). Art\u00edculo en PDF Paola N. Sol\u00e1 Algar\u00edn, Entrevistas investigativas de delitos de violencia sexual: Un acercamiento desde la jurisprudencia terap\u00e9utica, la psicolog\u00eda y la \u00e9tica profesional, 93 REV. JUR. UPR<\/p>\n<div class=\"read-more\"><a href=\"https:\/\/derecho.uprrp.edu\/revistajuridica\/volumen-93-numero-3-retos-contemporaneos-de-la-etica-profesional\/\" title=\"Read More\">Read More<\/a><\/div>\n","protected":false},"author":10400,"featured_media":0,"parent":0,"menu_order":0,"comment_status":"closed","ping_status":"closed","template":"","meta":{"footnotes":""},"class_list":["post-7848","page","type-page","status-publish"],"_links":{"self":[{"href":"https:\/\/derecho.uprrp.edu\/revistajuridica\/wp-json\/wp\/v2\/pages\/7848","targetHints":{"allow":["GET"]}}],"collection":[{"href":"https:\/\/derecho.uprrp.edu\/revistajuridica\/wp-json\/wp\/v2\/pages"}],"about":[{"href":"https:\/\/derecho.uprrp.edu\/revistajuridica\/wp-json\/wp\/v2\/types\/page"}],"author":[{"embeddable":true,"href":"https:\/\/derecho.uprrp.edu\/revistajuridica\/wp-json\/wp\/v2\/users\/10400"}],"replies":[{"embeddable":true,"href":"https:\/\/derecho.uprrp.edu\/revistajuridica\/wp-json\/wp\/v2\/comments?post=7848"}],"version-history":[{"count":1,"href":"https:\/\/derecho.uprrp.edu\/revistajuridica\/wp-json\/wp\/v2\/pages\/7848\/revisions"}],"predecessor-version":[{"id":7849,"href":"https:\/\/derecho.uprrp.edu\/revistajuridica\/wp-json\/wp\/v2\/pages\/7848\/revisions\/7849"}],"wp:attachment":[{"href":"https:\/\/derecho.uprrp.edu\/revistajuridica\/wp-json\/wp\/v2\/media?parent=7848"}],"curies":[{"name":"wp","href":"https:\/\/api.w.org\/{rel}","templated":true}]}}