{"id":7851,"date":"2026-03-28T23:45:02","date_gmt":"2026-03-29T03:45:02","guid":{"rendered":"https:\/\/derecho.uprrp.edu\/revistajuridica\/?page_id=7851"},"modified":"2026-03-28T23:45:02","modified_gmt":"2026-03-29T03:45:02","slug":"volumen-93-numero-4-tema-libre","status":"publish","type":"page","link":"https:\/\/derecho.uprrp.edu\/revistajuridica\/volumen-93-numero-4-tema-libre\/","title":{"rendered":"Volumen 93, N\u00famero 4: Tema libre"},"content":{"rendered":"<p><span style=\"font-weight: 400\">Efr\u00e9n Rivera Ramos, <\/span><i><span style=\"font-weight: 400\">Las revistas jur\u00eddicas, la universidad y el pa\u00eds<\/span><\/i><span style=\"font-weight: 400\">, 93 REV. JUR. UPR 523 (2024).<\/span><\/p>\n<p><a href=\"https:\/\/derecho.uprrp.edu\/revistajuridica\/wp-content\/uploads\/sites\/4\/2026\/03\/Efren-Rivera-Ramos-Las-revistas-juridicas-la-universidad-y-el-pais-93-REV.-JUR.-UPR-523-2024.pdf\">Art\u00edculo en PDF<\/a><\/p>\n<p><span style=\"font-weight: 400\">Alexandra Veglio Serracante,<\/span><i><span style=\"font-weight: 400\"> El derecho a un alquiler razonable en Puerto Rico: Una legislaci\u00f3n desahuciada<\/span><\/i><span style=\"font-weight: 400\">, 93 REV. JUR. UPR 529 (2024).<\/span><\/p>\n<p><a href=\"https:\/\/derecho.uprrp.edu\/revistajuridica\/wp-content\/uploads\/sites\/4\/2026\/03\/Alexandra-Veglio-Serracante-El-derecho-a-un-alquiler-razonable-en-Puerto-Rico-93-REV.-JUR.-UPR-529-2024.pdf\">Art\u00edculo en PDF<\/a><\/p>\n<p><span style=\"font-weight: 400\">Fabio S. Jim\u00e9nez Cadena, <\/span><i><span style=\"font-weight: 400\">Las fundaciones privadas y las organizaciones sin fines de lucro: Comparaci\u00f3n del C\u00f3digo de Rentas Internas de Puerto Rico y el C\u00f3digo de Rentas Internas federal<\/span><\/i><span style=\"font-weight: 400\">, 93 REV. JUR. UPR 551 (2024).<\/span><\/p>\n<p><a href=\"https:\/\/derecho.uprrp.edu\/revistajuridica\/wp-content\/uploads\/sites\/4\/2026\/03\/Fabio-S.-Jimenez-Cadena-Las-fundaciones-privadas-y-las-organizaciones-sin-fines-de-lucro-93-REV.-JUR.-UPR-551-2024.pdf\">Art\u00edculo en PDF<\/a><\/p>\n<p><span style=\"font-weight: 400\">Alfonso S. Mart\u00ednez Piovanetti, <\/span><i><span style=\"font-weight: 400\">La regla 53 de Procedimiento Civil: Un mapa procesal para el injunction en el siglo veintiuno<\/span><\/i><span style=\"font-weight: 400\">, 93 REV. JUR. UPR 579 (2024).<\/span><\/p>\n<p><a href=\"https:\/\/derecho.uprrp.edu\/revistajuridica\/wp-content\/uploads\/sites\/4\/2026\/03\/Alfonso-S.-Martinez-Piovanetti-La-regla-53-de-Procedimiento-Civil-Un-mapa-procesal-para-el-injunction-en-el-siglo-veintiuno-93-REV.-JUR.-UPR-579-2024.pdf\">Art\u00edculo en PDF<\/a><\/p>\n<p><span style=\"font-weight: 400\">Roc\u00edo Rabell, <\/span><i><span style=\"font-weight: 400\">Nuestras mentes gentrificadas: Reflexiones sobre el impacto psicol\u00f3gico despu\u00e9s de la Ley 60<\/span><\/i><span style=\"font-weight: 400\">, 93 REV. JUR. UPR 633 (2024).<\/span><\/p>\n<p><a href=\"https:\/\/derecho.uprrp.edu\/revistajuridica\/wp-content\/uploads\/sites\/4\/2026\/03\/Rocio-Rabell-Nuestras-mentes-gentrificadas-93-REV.-JUR.-UPR-633-2024.pdf\">Art\u00edculo en PDF<\/a><\/p>\n<p><span style=\"font-weight: 400\">Joel Cosme Morales, <\/span><i><span style=\"font-weight: 400\">Balzac v. Porto Rico y el Atol\u00f3n Palmyra: Un sin sentido insular<\/span><\/i><span style=\"font-weight: 400\">, 93 REV. JUR. UPR 657 (2024).<\/span><\/p>\n<p><a href=\"https:\/\/derecho.uprrp.edu\/revistajuridica\/wp-content\/uploads\/sites\/4\/2026\/03\/Joel-Cosme-Morales-Balzac-v.-Porto-Rico-y-el-Atolon-Palmyra-Un-sin-sentido-insular-93-REV.-JUR.-UPR-657-2024.pdf\">Art\u00edculo en PDF<\/a><\/p>\n<p><span style=\"font-weight: 400\">\u00c1ngel D. Lozada Rodr\u00edguez, <\/span><i><span style=\"font-weight: 400\">Puerto Rico: La capital del ron y de los incentivos<\/span><\/i><span style=\"font-weight: 400\">, 93 REV. JUR. UPR 691 (2024).<\/span><\/p>\n<p><a href=\"https:\/\/derecho.uprrp.edu\/revistajuridica\/wp-content\/uploads\/sites\/4\/2026\/03\/Angel-D.-Lozada-Rodriguez-Puerto-Rico-La-capital-del-ron-y-de-los-incentivos-93-REV.-JUR.-UPR-691-2024.pdf\">Art\u00edculo en PDF<\/a><\/p>\n<p><span style=\"font-weight: 400\">Andrea Nevares Acevedo, <\/span><i><span style=\"font-weight: 400\">Los animales en el derecho y en la cultura puertorrique\u00f1a: El caso del gallo, el caballo y el lech\u00f3n<\/span><\/i><span style=\"font-weight: 400\">, 93 REV. JUR. UPR 715 (2024).<\/span><\/p>\n<p><a href=\"https:\/\/derecho.uprrp.edu\/revistajuridica\/wp-content\/uploads\/sites\/4\/2026\/03\/Andrea-Nevares-Acevedo-Los-animales-en-el-derecho-y-en-la-cultura-puertorriquena-El-caso-del-gallo-el-caballo-y-el-lechon-93-REV.-JUR.-UPR-715-2024.pdf\">Art\u00edculo en PDF<\/a><\/p>\n<p><span style=\"font-weight: 400\">Aniris M. Castellano Guzm\u00e1n, <\/span><i><span style=\"font-weight: 400\">Naturaleza de la obligaci\u00f3n hipotecaria constituida bajo el r\u00e9gimen de la sociedad legal de gananciales sobre un inmueble privativo: Un an\u00e1lisis a la luz del C\u00f3digo Civil de 2020<\/span><\/i><span style=\"font-weight: 400\">, 93 REV. JUR. UPR 735 (2024).<\/span><\/p>\n<p><a href=\"https:\/\/derecho.uprrp.edu\/revistajuridica\/wp-content\/uploads\/sites\/4\/2026\/03\/Aniris-M.-Castellano-Guzman-Naturaleza-de-la-obligacion-hipotecaria-constituida-bajo-el-regimen-de-la-sociedad-legal-de-gananciales-93-REV.-JUR.-UPR-735-2024.pdf\">Art\u00edculo en PDF<\/a><\/p>\n","protected":false},"excerpt":{"rendered":"<p>Efr\u00e9n Rivera Ramos, Las revistas jur\u00eddicas, la universidad y el pa\u00eds, 93 REV. JUR. UPR 523 (2024). Art\u00edculo en PDF Alexandra Veglio Serracante, El derecho a un alquiler razonable en Puerto Rico: Una legislaci\u00f3n desahuciada, 93 REV. JUR. UPR 529 (2024). Art\u00edculo en PDF Fabio S. Jim\u00e9nez Cadena, Las fundaciones privadas y las organizaciones sin<\/p>\n<div class=\"read-more\"><a href=\"https:\/\/derecho.uprrp.edu\/revistajuridica\/volumen-93-numero-4-tema-libre\/\" title=\"Read More\">Read More<\/a><\/div>\n","protected":false},"author":10400,"featured_media":0,"parent":0,"menu_order":0,"comment_status":"closed","ping_status":"closed","template":"","meta":{"footnotes":""},"class_list":["post-7851","page","type-page","status-publish"],"_links":{"self":[{"href":"https:\/\/derecho.uprrp.edu\/revistajuridica\/wp-json\/wp\/v2\/pages\/7851","targetHints":{"allow":["GET"]}}],"collection":[{"href":"https:\/\/derecho.uprrp.edu\/revistajuridica\/wp-json\/wp\/v2\/pages"}],"about":[{"href":"https:\/\/derecho.uprrp.edu\/revistajuridica\/wp-json\/wp\/v2\/types\/page"}],"author":[{"embeddable":true,"href":"https:\/\/derecho.uprrp.edu\/revistajuridica\/wp-json\/wp\/v2\/users\/10400"}],"replies":[{"embeddable":true,"href":"https:\/\/derecho.uprrp.edu\/revistajuridica\/wp-json\/wp\/v2\/comments?post=7851"}],"version-history":[{"count":1,"href":"https:\/\/derecho.uprrp.edu\/revistajuridica\/wp-json\/wp\/v2\/pages\/7851\/revisions"}],"predecessor-version":[{"id":7861,"href":"https:\/\/derecho.uprrp.edu\/revistajuridica\/wp-json\/wp\/v2\/pages\/7851\/revisions\/7861"}],"wp:attachment":[{"href":"https:\/\/derecho.uprrp.edu\/revistajuridica\/wp-json\/wp\/v2\/media?parent=7851"}],"curies":[{"name":"wp","href":"https:\/\/api.w.org\/{rel}","templated":true}]}}